{"id":91272,"date":"2023-06-29T14:37:58","date_gmt":"2023-06-29T18:37:58","guid":{"rendered":"https:\/\/celeritech.biz\/nv\/stg\/?page_id=91272"},"modified":"2026-02-23T11:49:40","modified_gmt":"2026-02-23T16:49:40","slug":"contactanos","status":"publish","type":"page","link":"https:\/\/celeritech.biz\/nv\/es\/contactanos\/","title":{"rendered":"Contactanos"},"content":{"rendered":"\t\t<div data-elementor-type=\"wp-page\" data-elementor-id=\"91272\" class=\"elementor elementor-91272\" data-elementor-post-type=\"page\">\n\t\t\t\t\t\t<section class=\"elementor-section elementor-top-section elementor-element elementor-element-472427b elementor-section-stretched elementor-section-full_width elementor-section-height-default elementor-section-height-default\" data-id=\"472427b\" data-element_type=\"section\" data-e-type=\"section\" data-settings=\"{&quot;stretch_section&quot;:&quot;section-stretched&quot;}\">\n\t\t\t\t\t\t<div class=\"elementor-container elementor-column-gap-default\">\n\t\t\t\t\t<div class=\"elementor-column elementor-col-50 elementor-top-column elementor-element elementor-element-44d6ddb\" data-id=\"44d6ddb\" data-element_type=\"column\" data-e-type=\"column\">\n\t\t\t<div class=\"elementor-widget-wrap elementor-element-populated\">\n\t\t\t\t\t\t<div class=\"elementor-element elementor-element-1818506 elementor-widget elementor-widget-image\" data-id=\"1818506\" data-element_type=\"widget\" data-e-type=\"widget\" data-widget_type=\"image.default\">\n\t\t\t\t\t\t\t\t\t\t\t\t\t\t\t<img fetchpriority=\"high\" decoding=\"async\" width=\"1707\" height=\"2560\" src=\"https:\/\/celeritech.biz\/nv\/wp-content\/uploads\/2025\/05\/contact_us_celeritech_2-scaled.jpg\" class=\"attachment-full size-full wp-image-102234\" alt=\"\" srcset=\"https:\/\/celeritech.biz\/nv\/wp-content\/uploads\/2025\/05\/contact_us_celeritech_2-scaled.jpg 1707w, https:\/\/celeritech.biz\/nv\/wp-content\/uploads\/2025\/05\/contact_us_celeritech_2-200x300.jpg 200w, https:\/\/celeritech.biz\/nv\/wp-content\/uploads\/2025\/05\/contact_us_celeritech_2-683x1024.jpg 683w, https:\/\/celeritech.biz\/nv\/wp-content\/uploads\/2025\/05\/contact_us_celeritech_2-768x1152.jpg 768w, https:\/\/celeritech.biz\/nv\/wp-content\/uploads\/2025\/05\/contact_us_celeritech_2-1024x1536.jpg 1024w, https:\/\/celeritech.biz\/nv\/wp-content\/uploads\/2025\/05\/contact_us_celeritech_2-1365x2048.jpg 1365w\" sizes=\"(max-width: 1707px) 100vw, 1707px\" \/>\t\t\t\t\t\t\t\t\t\t\t\t\t\t\t<\/div>\n\t\t\t\t\t<\/div>\n\t\t<\/div>\n\t\t\t\t<div class=\"elementor-column elementor-col-50 elementor-top-column elementor-element elementor-element-b63b2ec\" data-id=\"b63b2ec\" data-element_type=\"column\" data-e-type=\"column\">\n\t\t\t<div class=\"elementor-widget-wrap\">\n\t\t\t\t\t\t\t<\/div>\n\t\t<\/div>\n\t\t\t\t\t<\/div>\n\t\t<\/section>\n\t\t\t\t<\/div>\n\t\t","protected":false},"excerpt":{"rendered":"<p>\u00bfC\u00f3mo podemos ayudarte? Informaci\u00f3n de contacto Cont\u00e1ctanos para obtener m\u00e1s informaci\u00f3n. iconoenviar Submit Miami | EEUU Direcci\u00f3n: 1200 Brickell Avenue, Suite 310. Miami, FL 33131 Tel\u00e9fono: (+1) 786 331 1281 Contacto:\u00a0Claudia Ochoa \u00a0 Caracas | Venezuela Direcci\u00f3n:\u00a0Calle Centro Rental de la Universidad Metropolitana, Edif N\u00b01 Entrada Este, piso 1, Ofic. N\u00b0 3. Urb. Terrazas del&hellip;&nbsp;<\/p>\n","protected":false},"author":13,"featured_media":0,"parent":0,"menu_order":0,"comment_status":"closed","ping_status":"closed","template":"elementor_theme","meta":{"nf_dc_page":"","inline_featured_image":false,"neve_meta_sidebar":"","neve_meta_container":"","neve_meta_enable_content_width":"","neve_meta_content_width":0,"neve_meta_title_alignment":"","neve_meta_author_avatar":"","neve_post_elements_order":"","neve_meta_disable_header":"","neve_meta_disable_footer":"","neve_meta_disable_title":"","footnotes":""},"class_list":["post-91272","page","type-page","status-publish","hentry"],"yoast_head":"<!-- This site is optimized with the Yoast SEO plugin v27.5 - https:\/\/yoast.com\/product\/yoast-seo-wordpress\/ -->\n<title>Contactanos &#8226; CeleriTech<\/title>\n<meta name=\"description\" content=\"If you need information about us or our business services, do not hesitate to leave your request and information in our Contact Us space.\" \/>\n<meta name=\"robots\" content=\"index, follow, max-snippet:-1, max-image-preview:large, max-video-preview:-1\" \/>\n<link rel=\"canonical\" href=\"https:\/\/celeritech.biz\/nv\/es\/contactanos\/\" \/>\n<meta property=\"og:locale\" content=\"en_US\" \/>\n<meta property=\"og:type\" content=\"article\" \/>\n<meta property=\"og:title\" content=\"Contactanos &#8226; CeleriTech\" \/>\n<meta property=\"og:description\" content=\"If you need information about us or our business services, do not hesitate to leave your request and information in our Contact Us space.\" \/>\n<meta property=\"og:url\" content=\"https:\/\/celeritech.biz\/nv\/es\/contactanos\/\" \/>\n<meta property=\"og:site_name\" content=\"CeleriTech\" \/>\n<meta property=\"article:modified_time\" content=\"2026-02-23T16:49:40+00:00\" \/>\n<meta property=\"og:image\" content=\"https:\/\/celeritech.biz\/nv\/wp-content\/uploads\/2025\/05\/contact_us_celeritech_2-scaled.jpg\" \/>\n<meta name=\"twitter:card\" content=\"summary_large_image\" \/>\n<meta name=\"twitter:label1\" content=\"Est. reading time\" \/>\n\t<meta name=\"twitter:data1\" content=\"3 minutes\" \/>\n<script type=\"application\/ld+json\" class=\"yoast-schema-graph\">{\"@context\":\"https:\\\/\\\/schema.org\",\"@graph\":[{\"@type\":\"WebPage\",\"@id\":\"https:\\\/\\\/celeritech.biz\\\/nv\\\/es\\\/contactanos\\\/\",\"url\":\"https:\\\/\\\/celeritech.biz\\\/nv\\\/es\\\/contactanos\\\/\",\"name\":\"Contactanos &#8226; CeleriTech\",\"isPartOf\":{\"@id\":\"https:\\\/\\\/celeritech.biz\\\/nv\\\/#website\"},\"primaryImageOfPage\":{\"@id\":\"https:\\\/\\\/celeritech.biz\\\/nv\\\/es\\\/contactanos\\\/#primaryimage\"},\"image\":{\"@id\":\"https:\\\/\\\/celeritech.biz\\\/nv\\\/es\\\/contactanos\\\/#primaryimage\"},\"thumbnailUrl\":\"https:\\\/\\\/celeritech.biz\\\/nv\\\/wp-content\\\/uploads\\\/2025\\\/05\\\/contact_us_celeritech_2-scaled.jpg\",\"datePublished\":\"2023-06-29T18:37:58+00:00\",\"dateModified\":\"2026-02-23T16:49:40+00:00\",\"description\":\"If you need information about us or our business services, do not hesitate to leave your request and information in our Contact Us space.\",\"breadcrumb\":{\"@id\":\"https:\\\/\\\/celeritech.biz\\\/nv\\\/es\\\/contactanos\\\/#breadcrumb\"},\"inLanguage\":\"en-US\",\"potentialAction\":[{\"@type\":\"ReadAction\",\"target\":[\"https:\\\/\\\/celeritech.biz\\\/nv\\\/es\\\/contactanos\\\/\"]}]},{\"@type\":\"ImageObject\",\"inLanguage\":\"en-US\",\"@id\":\"https:\\\/\\\/celeritech.biz\\\/nv\\\/es\\\/contactanos\\\/#primaryimage\",\"url\":\"https:\\\/\\\/celeritech.biz\\\/nv\\\/wp-content\\\/uploads\\\/2025\\\/05\\\/contact_us_celeritech_2-scaled.jpg\",\"contentUrl\":\"https:\\\/\\\/celeritech.biz\\\/nv\\\/wp-content\\\/uploads\\\/2025\\\/05\\\/contact_us_celeritech_2-scaled.jpg\",\"width\":1707,\"height\":2560},{\"@type\":\"BreadcrumbList\",\"@id\":\"https:\\\/\\\/celeritech.biz\\\/nv\\\/es\\\/contactanos\\\/#breadcrumb\",\"itemListElement\":[{\"@type\":\"ListItem\",\"position\":1,\"name\":\"Home\",\"item\":\"https:\\\/\\\/celeritech.biz\\\/nv\\\/\"},{\"@type\":\"ListItem\",\"position\":2,\"name\":\"Contactanos\"}]},{\"@type\":\"WebSite\",\"@id\":\"https:\\\/\\\/celeritech.biz\\\/nv\\\/#website\",\"url\":\"https:\\\/\\\/celeritech.biz\\\/nv\\\/\",\"name\":\"CeleriTech\",\"description\":\"We help growing companies to reduce risks of failure using technological solutions and business software to control and automate their supply chain management.\",\"publisher\":{\"@id\":\"https:\\\/\\\/celeritech.biz\\\/nv\\\/#organization\"},\"potentialAction\":[{\"@type\":\"SearchAction\",\"target\":{\"@type\":\"EntryPoint\",\"urlTemplate\":\"https:\\\/\\\/celeritech.biz\\\/nv\\\/?s={search_term_string}\"},\"query-input\":{\"@type\":\"PropertyValueSpecification\",\"valueRequired\":true,\"valueName\":\"search_term_string\"}}],\"inLanguage\":\"en-US\"},{\"@type\":\"Organization\",\"@id\":\"https:\\\/\\\/celeritech.biz\\\/nv\\\/#organization\",\"name\":\"CeleriTech\",\"url\":\"https:\\\/\\\/celeritech.biz\\\/nv\\\/\",\"logo\":{\"@type\":\"ImageObject\",\"inLanguage\":\"en-US\",\"@id\":\"https:\\\/\\\/celeritech.biz\\\/nv\\\/#\\\/schema\\\/logo\\\/image\\\/\",\"url\":\"https:\\\/\\\/celeritech.biz\\\/nv\\\/wp-content\\\/uploads\\\/2021\\\/03\\\/cropped-celeritech-logo-tableau.png\",\"contentUrl\":\"https:\\\/\\\/celeritech.biz\\\/nv\\\/wp-content\\\/uploads\\\/2021\\\/03\\\/cropped-celeritech-logo-tableau.png\",\"width\":500,\"height\":144,\"caption\":\"CeleriTech\"},\"image\":{\"@id\":\"https:\\\/\\\/celeritech.biz\\\/nv\\\/#\\\/schema\\\/logo\\\/image\\\/\"}}]}<\/script>\n<!-- \/ Yoast SEO plugin. -->","yoast_head_json":{"title":"Contactanos &#8226; CeleriTech","description":"If you need information about us or our business services, do not hesitate to leave your request and information in our Contact Us space.","robots":{"index":"index","follow":"follow","max-snippet":"max-snippet:-1","max-image-preview":"max-image-preview:large","max-video-preview":"max-video-preview:-1"},"canonical":"https:\/\/celeritech.biz\/nv\/es\/contactanos\/","og_locale":"en_US","og_type":"article","og_title":"Contactanos &#8226; CeleriTech","og_description":"If you need information about us or our business services, do not hesitate to leave your request and information in our Contact Us space.","og_url":"https:\/\/celeritech.biz\/nv\/es\/contactanos\/","og_site_name":"CeleriTech","article_modified_time":"2026-02-23T16:49:40+00:00","og_image":[{"url":"https:\/\/celeritech.biz\/nv\/wp-content\/uploads\/2025\/05\/contact_us_celeritech_2-scaled.jpg","type":"","width":"","height":""}],"twitter_card":"summary_large_image","twitter_misc":{"Est. reading time":"3 minutes"},"schema":{"@context":"https:\/\/schema.org","@graph":[{"@type":"WebPage","@id":"https:\/\/celeritech.biz\/nv\/es\/contactanos\/","url":"https:\/\/celeritech.biz\/nv\/es\/contactanos\/","name":"Contactanos &#8226; CeleriTech","isPartOf":{"@id":"https:\/\/celeritech.biz\/nv\/#website"},"primaryImageOfPage":{"@id":"https:\/\/celeritech.biz\/nv\/es\/contactanos\/#primaryimage"},"image":{"@id":"https:\/\/celeritech.biz\/nv\/es\/contactanos\/#primaryimage"},"thumbnailUrl":"https:\/\/celeritech.biz\/nv\/wp-content\/uploads\/2025\/05\/contact_us_celeritech_2-scaled.jpg","datePublished":"2023-06-29T18:37:58+00:00","dateModified":"2026-02-23T16:49:40+00:00","description":"If you need information about us or our business services, do not hesitate to leave your request and information in our Contact Us space.","breadcrumb":{"@id":"https:\/\/celeritech.biz\/nv\/es\/contactanos\/#breadcrumb"},"inLanguage":"en-US","potentialAction":[{"@type":"ReadAction","target":["https:\/\/celeritech.biz\/nv\/es\/contactanos\/"]}]},{"@type":"ImageObject","inLanguage":"en-US","@id":"https:\/\/celeritech.biz\/nv\/es\/contactanos\/#primaryimage","url":"https:\/\/celeritech.biz\/nv\/wp-content\/uploads\/2025\/05\/contact_us_celeritech_2-scaled.jpg","contentUrl":"https:\/\/celeritech.biz\/nv\/wp-content\/uploads\/2025\/05\/contact_us_celeritech_2-scaled.jpg","width":1707,"height":2560},{"@type":"BreadcrumbList","@id":"https:\/\/celeritech.biz\/nv\/es\/contactanos\/#breadcrumb","itemListElement":[{"@type":"ListItem","position":1,"name":"Home","item":"https:\/\/celeritech.biz\/nv\/"},{"@type":"ListItem","position":2,"name":"Contactanos"}]},{"@type":"WebSite","@id":"https:\/\/celeritech.biz\/nv\/#website","url":"https:\/\/celeritech.biz\/nv\/","name":"CeleriTech","description":"We help growing companies to reduce risks of failure using technological solutions and business software to control and automate their supply chain management.","publisher":{"@id":"https:\/\/celeritech.biz\/nv\/#organization"},"potentialAction":[{"@type":"SearchAction","target":{"@type":"EntryPoint","urlTemplate":"https:\/\/celeritech.biz\/nv\/?s={search_term_string}"},"query-input":{"@type":"PropertyValueSpecification","valueRequired":true,"valueName":"search_term_string"}}],"inLanguage":"en-US"},{"@type":"Organization","@id":"https:\/\/celeritech.biz\/nv\/#organization","name":"CeleriTech","url":"https:\/\/celeritech.biz\/nv\/","logo":{"@type":"ImageObject","inLanguage":"en-US","@id":"https:\/\/celeritech.biz\/nv\/#\/schema\/logo\/image\/","url":"https:\/\/celeritech.biz\/nv\/wp-content\/uploads\/2021\/03\/cropped-celeritech-logo-tableau.png","contentUrl":"https:\/\/celeritech.biz\/nv\/wp-content\/uploads\/2021\/03\/cropped-celeritech-logo-tableau.png","width":500,"height":144,"caption":"CeleriTech"},"image":{"@id":"https:\/\/celeritech.biz\/nv\/#\/schema\/logo\/image\/"}}]}},"_links":{"self":[{"href":"https:\/\/celeritech.biz\/nv\/wp-json\/wp\/v2\/pages\/91272","targetHints":{"allow":["GET"]}}],"collection":[{"href":"https:\/\/celeritech.biz\/nv\/wp-json\/wp\/v2\/pages"}],"about":[{"href":"https:\/\/celeritech.biz\/nv\/wp-json\/wp\/v2\/types\/page"}],"author":[{"embeddable":true,"href":"https:\/\/celeritech.biz\/nv\/wp-json\/wp\/v2\/users\/13"}],"replies":[{"embeddable":true,"href":"https:\/\/celeritech.biz\/nv\/wp-json\/wp\/v2\/comments?post=91272"}],"version-history":[{"count":18,"href":"https:\/\/celeritech.biz\/nv\/wp-json\/wp\/v2\/pages\/91272\/revisions"}],"predecessor-version":[{"id":102252,"href":"https:\/\/celeritech.biz\/nv\/wp-json\/wp\/v2\/pages\/91272\/revisions\/102252"}],"wp:attachment":[{"href":"https:\/\/celeritech.biz\/nv\/wp-json\/wp\/v2\/media?parent=91272"}],"curies":[{"name":"wp","href":"https:\/\/api.w.org\/{rel}","templated":true}]}}