{"id":8294,"date":"2021-05-17T15:53:35","date_gmt":"2021-05-17T15:53:35","guid":{"rendered":"https:\/\/celeritech.biz\/nv\/stg\/?page_id=8294"},"modified":"2021-07-16T19:17:49","modified_gmt":"2021-07-16T19:17:49","slug":"ez-stock-pro-encuesta-inicio","status":"publish","type":"page","link":"https:\/\/celeritech.biz\/nv\/ez-stock-pro-encuesta-inicio\/","title":{"rendered":"EZ StockPro Survey Start"},"content":{"rendered":"\t\t<div data-elementor-type=\"wp-page\" data-elementor-id=\"8294\" class=\"elementor elementor-8294\" data-elementor-post-type=\"page\">\n\t\t\t\t\t\t<section class=\"elementor-section elementor-top-section elementor-element elementor-element-13cce74 elementor-section-full_width elementor-section-height-default elementor-section-height-default\" data-id=\"13cce74\" data-element_type=\"section\" data-e-type=\"section\">\n\t\t\t\t\t\t<div class=\"elementor-container elementor-column-gap-default\">\n\t\t\t\t\t<div class=\"elementor-column elementor-col-100 elementor-top-column elementor-element elementor-element-453262f\" data-id=\"453262f\" data-element_type=\"column\" data-e-type=\"column\">\n\t\t\t<div class=\"elementor-widget-wrap elementor-element-populated\">\n\t\t\t\t\t\t\t<\/div>\n\t\t<\/div>\n\t\t\t\t\t<\/div>\n\t\t<\/section>\n\t\t\t\t<\/div>\n\t\t","protected":false},"excerpt":{"rendered":"","protected":false},"author":13,"featured_media":0,"parent":0,"menu_order":0,"comment_status":"closed","ping_status":"closed","template":"templates\/template-full-width.php","meta":{"nf_dc_page":"","inline_featured_image":false,"neve_meta_sidebar":"","neve_meta_container":"","neve_meta_enable_content_width":"","neve_meta_content_width":0,"neve_meta_title_alignment":"","neve_meta_author_avatar":"","neve_post_elements_order":"","neve_meta_disable_header":"","neve_meta_disable_footer":"","neve_meta_disable_title":"","footnotes":""},"class_list":["post-8294","page","type-page","status-publish","hentry"],"yoast_head":"<!-- This site is optimized with the Yoast SEO plugin v27.5 - https:\/\/yoast.com\/product\/yoast-seo-wordpress\/ -->\n<title>EZ StockPro Survey Start &#8226; CeleriTech<\/title>\n<meta name=\"description\" content=\"Ayudamos a las PYMES a convertirse en digitales a trav\u00e9s de soluciones tecnol\u00f3gicas f\u00e1ciles de adoptar para integrar toda la cadena de suministro financiera y log\u00edstica en un solo sistema.\" \/>\n<meta name=\"robots\" content=\"index, follow, max-snippet:-1, max-image-preview:large, max-video-preview:-1\" \/>\n<link rel=\"canonical\" href=\"https:\/\/celeritech.biz\/nv\/ez-stock-pro-encuesta-inicio\/\" \/>\n<meta property=\"og:locale\" content=\"en_US\" \/>\n<meta property=\"og:type\" content=\"article\" \/>\n<meta property=\"og:title\" content=\"EZ StockPro Survey Start &#8226; CeleriTech\" \/>\n<meta property=\"og:description\" content=\"Ayudamos a las PYMES a convertirse en digitales a trav\u00e9s de soluciones tecnol\u00f3gicas f\u00e1ciles de adoptar para integrar toda la cadena de suministro financiera y log\u00edstica en un solo sistema.\" \/>\n<meta property=\"og:url\" content=\"https:\/\/celeritech.biz\/nv\/ez-stock-pro-encuesta-inicio\/\" \/>\n<meta property=\"og:site_name\" content=\"CeleriTech\" \/>\n<meta property=\"article:modified_time\" content=\"2021-07-16T19:17:49+00:00\" \/>\n<meta name=\"twitter:card\" content=\"summary_large_image\" \/>\n<meta name=\"twitter:label1\" content=\"Est. reading time\" \/>\n\t<meta name=\"twitter:data1\" content=\"2 minutes\" \/>\n<script type=\"application\/ld+json\" class=\"yoast-schema-graph\">{\"@context\":\"https:\\\/\\\/schema.org\",\"@graph\":[{\"@type\":\"WebPage\",\"@id\":\"https:\\\/\\\/celeritech.biz\\\/nv\\\/ez-stock-pro-encuesta-inicio\\\/\",\"url\":\"https:\\\/\\\/celeritech.biz\\\/nv\\\/ez-stock-pro-encuesta-inicio\\\/\",\"name\":\"EZ StockPro Survey Start &#8226; CeleriTech\",\"isPartOf\":{\"@id\":\"https:\\\/\\\/celeritech.biz\\\/nv\\\/#website\"},\"datePublished\":\"2021-05-17T15:53:35+00:00\",\"dateModified\":\"2021-07-16T19:17:49+00:00\",\"description\":\"Ayudamos a las PYMES a convertirse en digitales a trav\u00e9s de soluciones tecnol\u00f3gicas f\u00e1ciles de adoptar para integrar toda la cadena de suministro financiera y log\u00edstica en un solo sistema.\",\"breadcrumb\":{\"@id\":\"https:\\\/\\\/celeritech.biz\\\/nv\\\/ez-stock-pro-encuesta-inicio\\\/#breadcrumb\"},\"inLanguage\":\"en-US\",\"potentialAction\":[{\"@type\":\"ReadAction\",\"target\":[\"https:\\\/\\\/celeritech.biz\\\/nv\\\/ez-stock-pro-encuesta-inicio\\\/\"]}]},{\"@type\":\"BreadcrumbList\",\"@id\":\"https:\\\/\\\/celeritech.biz\\\/nv\\\/ez-stock-pro-encuesta-inicio\\\/#breadcrumb\",\"itemListElement\":[{\"@type\":\"ListItem\",\"position\":1,\"name\":\"Home\",\"item\":\"https:\\\/\\\/celeritech.biz\\\/nv\\\/\"},{\"@type\":\"ListItem\",\"position\":2,\"name\":\"EZ StockPro Survey Start\"}]},{\"@type\":\"WebSite\",\"@id\":\"https:\\\/\\\/celeritech.biz\\\/nv\\\/#website\",\"url\":\"https:\\\/\\\/celeritech.biz\\\/nv\\\/\",\"name\":\"CeleriTech\",\"description\":\"We help growing companies to reduce risks of failure using technological solutions and business software to control and automate their supply chain management.\",\"publisher\":{\"@id\":\"https:\\\/\\\/celeritech.biz\\\/nv\\\/#organization\"},\"potentialAction\":[{\"@type\":\"SearchAction\",\"target\":{\"@type\":\"EntryPoint\",\"urlTemplate\":\"https:\\\/\\\/celeritech.biz\\\/nv\\\/?s={search_term_string}\"},\"query-input\":{\"@type\":\"PropertyValueSpecification\",\"valueRequired\":true,\"valueName\":\"search_term_string\"}}],\"inLanguage\":\"en-US\"},{\"@type\":\"Organization\",\"@id\":\"https:\\\/\\\/celeritech.biz\\\/nv\\\/#organization\",\"name\":\"CeleriTech\",\"url\":\"https:\\\/\\\/celeritech.biz\\\/nv\\\/\",\"logo\":{\"@type\":\"ImageObject\",\"inLanguage\":\"en-US\",\"@id\":\"https:\\\/\\\/celeritech.biz\\\/nv\\\/#\\\/schema\\\/logo\\\/image\\\/\",\"url\":\"https:\\\/\\\/celeritech.biz\\\/nv\\\/wp-content\\\/uploads\\\/2021\\\/03\\\/cropped-celeritech-logo-tableau.png\",\"contentUrl\":\"https:\\\/\\\/celeritech.biz\\\/nv\\\/wp-content\\\/uploads\\\/2021\\\/03\\\/cropped-celeritech-logo-tableau.png\",\"width\":500,\"height\":144,\"caption\":\"CeleriTech\"},\"image\":{\"@id\":\"https:\\\/\\\/celeritech.biz\\\/nv\\\/#\\\/schema\\\/logo\\\/image\\\/\"}}]}<\/script>\n<!-- \/ Yoast SEO plugin. -->","yoast_head_json":{"title":"EZ StockPro Survey Start &#8226; CeleriTech","description":"Ayudamos a las PYMES a convertirse en digitales a trav\u00e9s de soluciones tecnol\u00f3gicas f\u00e1ciles de adoptar para integrar toda la cadena de suministro financiera y log\u00edstica en un solo sistema.","robots":{"index":"index","follow":"follow","max-snippet":"max-snippet:-1","max-image-preview":"max-image-preview:large","max-video-preview":"max-video-preview:-1"},"canonical":"https:\/\/celeritech.biz\/nv\/ez-stock-pro-encuesta-inicio\/","og_locale":"en_US","og_type":"article","og_title":"EZ StockPro Survey Start &#8226; CeleriTech","og_description":"Ayudamos a las PYMES a convertirse en digitales a trav\u00e9s de soluciones tecnol\u00f3gicas f\u00e1ciles de adoptar para integrar toda la cadena de suministro financiera y log\u00edstica en un solo sistema.","og_url":"https:\/\/celeritech.biz\/nv\/ez-stock-pro-encuesta-inicio\/","og_site_name":"CeleriTech","article_modified_time":"2021-07-16T19:17:49+00:00","twitter_card":"summary_large_image","twitter_misc":{"Est. reading time":"2 minutes"},"schema":{"@context":"https:\/\/schema.org","@graph":[{"@type":"WebPage","@id":"https:\/\/celeritech.biz\/nv\/ez-stock-pro-encuesta-inicio\/","url":"https:\/\/celeritech.biz\/nv\/ez-stock-pro-encuesta-inicio\/","name":"EZ StockPro Survey Start &#8226; CeleriTech","isPartOf":{"@id":"https:\/\/celeritech.biz\/nv\/#website"},"datePublished":"2021-05-17T15:53:35+00:00","dateModified":"2021-07-16T19:17:49+00:00","description":"Ayudamos a las PYMES a convertirse en digitales a trav\u00e9s de soluciones tecnol\u00f3gicas f\u00e1ciles de adoptar para integrar toda la cadena de suministro financiera y log\u00edstica en un solo sistema.","breadcrumb":{"@id":"https:\/\/celeritech.biz\/nv\/ez-stock-pro-encuesta-inicio\/#breadcrumb"},"inLanguage":"en-US","potentialAction":[{"@type":"ReadAction","target":["https:\/\/celeritech.biz\/nv\/ez-stock-pro-encuesta-inicio\/"]}]},{"@type":"BreadcrumbList","@id":"https:\/\/celeritech.biz\/nv\/ez-stock-pro-encuesta-inicio\/#breadcrumb","itemListElement":[{"@type":"ListItem","position":1,"name":"Home","item":"https:\/\/celeritech.biz\/nv\/"},{"@type":"ListItem","position":2,"name":"EZ StockPro Survey Start"}]},{"@type":"WebSite","@id":"https:\/\/celeritech.biz\/nv\/#website","url":"https:\/\/celeritech.biz\/nv\/","name":"CeleriTech","description":"We help growing companies to reduce risks of failure using technological solutions and business software to control and automate their supply chain management.","publisher":{"@id":"https:\/\/celeritech.biz\/nv\/#organization"},"potentialAction":[{"@type":"SearchAction","target":{"@type":"EntryPoint","urlTemplate":"https:\/\/celeritech.biz\/nv\/?s={search_term_string}"},"query-input":{"@type":"PropertyValueSpecification","valueRequired":true,"valueName":"search_term_string"}}],"inLanguage":"en-US"},{"@type":"Organization","@id":"https:\/\/celeritech.biz\/nv\/#organization","name":"CeleriTech","url":"https:\/\/celeritech.biz\/nv\/","logo":{"@type":"ImageObject","inLanguage":"en-US","@id":"https:\/\/celeritech.biz\/nv\/#\/schema\/logo\/image\/","url":"https:\/\/celeritech.biz\/nv\/wp-content\/uploads\/2021\/03\/cropped-celeritech-logo-tableau.png","contentUrl":"https:\/\/celeritech.biz\/nv\/wp-content\/uploads\/2021\/03\/cropped-celeritech-logo-tableau.png","width":500,"height":144,"caption":"CeleriTech"},"image":{"@id":"https:\/\/celeritech.biz\/nv\/#\/schema\/logo\/image\/"}}]}},"_links":{"self":[{"href":"https:\/\/celeritech.biz\/nv\/wp-json\/wp\/v2\/pages\/8294","targetHints":{"allow":["GET"]}}],"collection":[{"href":"https:\/\/celeritech.biz\/nv\/wp-json\/wp\/v2\/pages"}],"about":[{"href":"https:\/\/celeritech.biz\/nv\/wp-json\/wp\/v2\/types\/page"}],"author":[{"embeddable":true,"href":"https:\/\/celeritech.biz\/nv\/wp-json\/wp\/v2\/users\/13"}],"replies":[{"embeddable":true,"href":"https:\/\/celeritech.biz\/nv\/wp-json\/wp\/v2\/comments?post=8294"}],"version-history":[{"count":0,"href":"https:\/\/celeritech.biz\/nv\/wp-json\/wp\/v2\/pages\/8294\/revisions"}],"wp:attachment":[{"href":"https:\/\/celeritech.biz\/nv\/wp-json\/wp\/v2\/media?parent=8294"}],"curies":[{"name":"wp","href":"https:\/\/api.w.org\/{rel}","templated":true}]}}